{"id":11726,"date":"2025-06-20T19:14:41","date_gmt":"2025-06-20T19:14:41","guid":{"rendered":"https:\/\/www.patopekin.co\/news-and-updates\/"},"modified":"2026-03-13T19:22:40","modified_gmt":"2026-03-13T19:22:40","slug":"news-and-updates","status":"publish","type":"page","link":"https:\/\/www.patopekin.co\/en\/news-and-updates\/","title":{"rendered":"News and updates"},"content":{"rendered":"<div class=\"fusion-fullwidth fullwidth-box fusion-builder-row-1 fusion-flex-container has-pattern-background has-mask-background nonhundred-percent-fullwidth non-hundred-percent-height-scrolling\" style=\"--awb-border-radius-top-left:0px;--awb-border-radius-top-right:0px;--awb-border-radius-bottom-right:0px;--awb-border-radius-bottom-left:0px;--awb-flex-wrap:wrap;\" ><div class=\"fusion-builder-row fusion-row fusion-flex-align-items-flex-start fusion-flex-content-wrap\" style=\"max-width:1216.8px;margin-left: calc(-4% \/ 2 );margin-right: calc(-4% \/ 2 );\"><div class=\"fusion-layout-column fusion_builder_column fusion-builder-column-0 fusion_builder_column_1_1 1_1 fusion-flex-column\" style=\"--awb-bg-size:cover;--awb-width-large:100%;--awb-margin-top-large:41px;--awb-spacing-right-large:1.92%;--awb-margin-bottom-large:20px;--awb-spacing-left-large:1.92%;--awb-width-medium:100%;--awb-order-medium:0;--awb-spacing-right-medium:1.92%;--awb-spacing-left-medium:1.92%;--awb-width-small:100%;--awb-order-small:0;--awb-spacing-right-small:1.92%;--awb-spacing-left-small:1.92%;\"><div class=\"fusion-column-wrapper fusion-column-has-shadow fusion-flex-justify-content-flex-start fusion-content-layout-column\"><style>\/* --------- T\u00cdTULO UNIFICADO (h1) --------- *\/\n.timeline-title {\n  color: #E8E1D2 !important; \/* \u2705 Color crema original restaurado *\/\n  text-transform: uppercase;\n  text-align: left;\n  max-width: 1100px;\n  margin-left: 70px !important; \/* Margen original de escritorio *\/\n  line-height: 1.1;\n  display: block;\n  margin-top: 20px;\n  margin-bottom: 20px;\n}\n\n\/* Aplicar la tipograf\u00eda y asegurar que h1 no tenga estilos heredados que lo da\u00f1en *\/\nh1.timeline-title, \n.post h1.timeline-title { \n  font-family: 'NewBlack Typeface Bold' !important;\n  font-weight: normal;\n}\n\n\/* Estilos de los textos dentro del h1 para ESCRITORIO *\/\n.timeline-title .title-top {\n  display: block;\n  font-size: 30px;\n}\n\n.timeline-title .title-bottom {\n  display: block;\n  font-size: 40px;\n  margin-left: 10px;\n}\n\n\/* \u2705 NUEVO contenedor con scroll invisible *\/\n.timeline-scroll-wrapper {\n  max-height: 100vh;\n  overflow-y: scroll;\n  scrollbar-width: none;\n}\n.timeline-scroll-wrapper::-webkit-scrollbar {\n  display: none;\n}\n\n\/* Contenedor general de la l\u00ednea de tiempo *\/\n.timeline {\n  position: relative;\n  max-width: 1100px;\n  margin: auto;\n  padding: 60px 20px;\n  font-family: 'Karoll-BoldRound';\n  color: #E8E1D2;\n  font-size: 35px;\n}\n\n\/* L\u00ednea vertical punteada *\/\n.timeline::before {\n  content: '';\n  position: absolute;\n  top: 0;\n  bottom: 0;\n  left: 40px;\n  width: 2px;\n  border-left: 2px dashed #841811;\n  z-index: 1;\n}\n\n\/* \u00cdtem individual *\/\n.timeline-item {\n  position: relative;\n  display: flex;\n  align-items: center;\n  margin-bottom: 80px;\n  padding-left: 80px;\n}\n\n\/* Punto en la l\u00ednea *\/\n.timeline-dot {\n  position: absolute;\n  left: 20px;\n  top: 50%;\n  transform: translate(-50%, -50%);\n  width: 14px;\n  height: 14px;\n  background-color: #841811;\n  border-radius: 50%;\n  z-index: 2;\n}\n\n\/* Contenedor de tarjeta *\/\n.timeline-card {\n  position: relative;\n  width: 100%;\n  max-width: 900px;\n  overflow: hidden;\n}\n\n\/* Imagen de fondo *\/\n.timeline-card img.background-img {\n  width: 100%;\n  height: auto;\n  display: block;\n  position: relative;\n  z-index: 0;\n}\n\n\/* Overlay de contenido \/ escritorio *\/\n.timeline-overlay {\n  position: absolute;\n  top: 0;\n  left: 0;\n  width: 65%;\n  height: 100%;\n  background: linear-gradient(to right, rgba(0, 0, 0, 0.20), transparent);\n  padding: 40px 30px;\n  display: flex;\n  flex-direction: column;\n  justify-content: center;\n  z-index: 3;\n  color: #E8E1D2;\n}\n\n\/* Texto escritorio *\/\n.timeline-overlay p {\n  font-size: 22px;\n  margin: 10px 0;\n  font-family: 'Asap';\n  color: #E8E1D2;\n  font-weight: bold;\n}\n\n\/* Bot\u00f3n escritorio *\/\n.timeline-overlay a {\n  color: #f4ebd9;\n  text-decoration: underline;\n  font-size: 18px;\n  margin-top: 10px;\n  border-radius: 25px !important;\n  border: 2px solid #841811;\n  padding: 8px 26px;\n  display: inline-block;\n  width: fit-content;\n  transition: background-color 0.3s ease;\n  font-family: 'NewBlack Typeface Bold';\n}\n\n\/* RESPONSIVE M\u00d3VIL *\/\n@media screen and (max-width: 768px) {\n\n  \/* \u2705 AJUSTE T\u00cdTULO H1 PARA M\u00d3VIL *\/\n  .timeline-title {\n    margin-left: 15px !important; \/* Alineado a la izquierda seg\u00fan pantallazo *\/\n    margin-bottom: 20px;\n  }\n  \n  .timeline-title .title-top {\n    font-size: 18px !important; \/* M\u00e1s peque\u00f1o arriba *\/\n    line-height: 1.2;\n  }\n\n  .timeline-title .title-bottom {\n    font-size: 26px !important; \/* M\u00e1s grande abajo *\/\n    margin-left: 0 !important;\n    line-height: 1.1;\n  }\n\n  .timeline {\n    padding: 20px 5px 40px 5px;\n  }\n\n  .timeline-item {\n    flex-direction: column;\n    align-items: flex-start;\n    padding-left: 25px;\n    margin-bottom: 50px;\n  }\n\n  .timeline::before {\n    left: 10px;\n  }\n\n  .timeline-dot {\n    left: 6px !important;\n    top: 20px;\n    transform: translate(-50%, 0);\n  }\n\n  .timeline-card {\n    max-width: 100%;\n    background-color: rgba(0, 0, 0, 0.9);\n  }\n\n  .timeline-card img.background-img {\n    object-fit: contain;\n    width: 100%;\n    height: auto;\n  }\n\n  .timeline-overlay {\n    position: relative; \n    width: 100%;\n    height: auto;\n    padding: 25px 20px; \n    background: rgba(0, 0, 0, 0.9); \n    margin-top: 0; \n  }\n\n  .timeline-overlay p {\n    font-size: 18px;\n    line-height: 1.4;\n    font-weight: normal;\n    margin-bottom: 15px;\n  }\n}\n<\/style><!-- \u2705 T\u00cdTULO H1 \u00daNICO (SEO Friendly) --><h1 class=\"timeline-title\"><span class=\"title-top\">News and updates <\/span><span class=\"title-bottom\">from Pato Pekin<\/span><\/h1><!-- Contenedor con scroll --><div class=\"timeline-scroll-wrapper\"><div class=\"timeline\"><!-- \u00cdtem 1 --><div class=\"timeline-item\"><div class=\"timeline-dot\"><\/div><div class=\"timeline-card\"><div class=\"image-wrapper\"><img decoding=\"async\" src=\"data:image\/svg+xml,%3Csvg%20xmlns%3D%27http%3A%2F%2Fwww.w3.org%2F2000%2Fsvg%27%20width%3D%271250%27%20height%3D%27530%27%20viewBox%3D%270%200%201250%20530%27%3E%3Crect%20width%3D%271250%27%20height%3D%27530%27%20fill-opacity%3D%220%22%2F%3E%3C%2Fsvg%3E\" data-orig-src=\"https:\/\/www.patopekin.co\/wp-content\/uploads\/2026\/03\/BN_1.png\" alt=\"Noticia 1\" class=\"lazyload background-img\" loading=\"lazy\"><\/div><div class=\"timeline-overlay\"><p>Pato Pek\u00edn: una nueva apuesta por la cocina china en Medell\u00edn<\/p><a href=\"https:\/\/momentoemprendedor.com\/2026\/03\/09\/pato-pekin-replica-el-barrio-chino-y-su-gastronomia-en-manila\/\" target=\"_blank\" rel=\"noopener noreferrer\">Read more here<\/a><\/div><\/div><\/div><!-- \u00cdtem 2 --><div class=\"timeline-item\"><div class=\"timeline-dot\"><\/div><div class=\"timeline-card\"><div class=\"image-wrapper\"><img decoding=\"async\" src=\"data:image\/svg+xml,%3Csvg%20xmlns%3D%27http%3A%2F%2Fwww.w3.org%2F2000%2Fsvg%27%20width%3D%271250%27%20height%3D%27530%27%20viewBox%3D%270%200%201250%20530%27%3E%3Crect%20width%3D%271250%27%20height%3D%27530%27%20fill-opacity%3D%220%22%2F%3E%3C%2Fsvg%3E\" data-orig-src=\"https:\/\/www.patopekin.co\/wp-content\/uploads\/2026\/03\/BN_2.png\" alt=\"Noticia 2\" class=\"lazyload background-img\" loading=\"lazy\"><\/div><div class=\"timeline-overlay\"><p>Medell\u00edn le abre espacio a una nueva generaci\u00f3n de restaurantes de cocina china contempor\u00e1nea<\/p><a href=\"https:\/\/www.publimetro.co\/gourmetro\/2026\/03\/05\/medellin-le-abre-espacio-a-una-nueva-generacion-de-restaurantes-de-cocina-china-contemporanea\/#google_vignette\" target=\"_blank\" rel=\"noopener noreferrer\">Read more here<\/a><\/div><\/div><\/div><!-- \u00cdtem 3 --><div class=\"timeline-item\"><div class=\"timeline-dot\"><\/div><div class=\"timeline-card\"><div class=\"image-wrapper\"><img decoding=\"async\" src=\"data:image\/svg+xml,%3Csvg%20xmlns%3D%27http%3A%2F%2Fwww.w3.org%2F2000%2Fsvg%27%20width%3D%271250%27%20height%3D%27530%27%20viewBox%3D%270%200%201250%20530%27%3E%3Crect%20width%3D%271250%27%20height%3D%27530%27%20fill-opacity%3D%220%22%2F%3E%3C%2Fsvg%3E\" data-orig-src=\"https:\/\/www.patopekin.co\/wp-content\/uploads\/2026\/03\/BN_3.png\" alt=\"Noticia 3\" class=\"lazyload background-img\" loading=\"lazy\"><\/div><div class=\"timeline-overlay\"><p>Pato Pek\u00edn: a cocina china contempor\u00e1nea que eleva la experiencia gastron\u00f3mica en Medell\u00edn<\/p><a href=\"https:\/\/instintotv.com\/pato-pekin-la-cocina-china-contemporanea-que-eleva-la-experiencia-gastronomica-en-medellin\/\" target=\"_blank\" rel=\"noopener noreferrer\">Read more here<\/a><\/div><\/div><\/div><!-- \u00cdtem 4 --><div class=\"timeline-item\"><div class=\"timeline-dot\"><\/div><div class=\"timeline-card\"><div class=\"image-wrapper\"><img decoding=\"async\" src=\"data:image\/svg+xml,%3Csvg%20xmlns%3D%27http%3A%2F%2Fwww.w3.org%2F2000%2Fsvg%27%20width%3D%271250%27%20height%3D%27530%27%20viewBox%3D%270%200%201250%20530%27%3E%3Crect%20width%3D%271250%27%20height%3D%27530%27%20fill-opacity%3D%220%22%2F%3E%3C%2Fsvg%3E\" data-orig-src=\"https:\/\/www.patopekin.co\/wp-content\/uploads\/2026\/03\/BN_4.png\" alt=\"Noticia 4\" class=\"lazyload background-img\" loading=\"lazy\"><\/div><div class=\"timeline-overlay\"><p>Mi experiencia en Pato Pekin, una noche de m\u00edstica y sabor oriental<\/p><a href=\"https:\/\/blogs.portafolio.co\/negocios-e-inspiracion\/mi-experiencia-en-pato-pekin-una-noche-de-mistica-y-sabor-oriental\/\" target=\"_blank\" rel=\"noopener noreferrer\">Read more here<\/a><\/div><\/div><\/div><!-- \u00cdtem 5 --><div class=\"timeline-item\"><div class=\"timeline-dot\"><\/div><div class=\"timeline-card\"><div class=\"image-wrapper\"><img decoding=\"async\" src=\"data:image\/svg+xml,%3Csvg%20xmlns%3D%27http%3A%2F%2Fwww.w3.org%2F2000%2Fsvg%27%20width%3D%271250%27%20height%3D%27530%27%20viewBox%3D%270%200%201250%20530%27%3E%3Crect%20width%3D%271250%27%20height%3D%27530%27%20fill-opacity%3D%220%22%2F%3E%3C%2Fsvg%3E\" data-orig-src=\"https:\/\/www.patopekin.co\/wp-content\/uploads\/2026\/03\/BN_5.png\" alt=\"Noticia 5\" class=\"lazyload background-img\" loading=\"lazy\"><\/div><div class=\"timeline-overlay\"><p>Pato Pek\u00edn: una nueva apuesta por la cocina china en Medell\u00edn<\/p><a href=\"https:\/\/buengusto.co\/pato-pekin-el-restaurante-que-quiere-cambiar-la-percepcion-de-la-comida-china-en-medellin\/\" target=\"_blank\" rel=\"noopener noreferrer\">Read more here<\/a><\/div><\/div><\/div><!-- \u00cdtem 6 --><div class=\"timeline-item\"><div class=\"timeline-dot\"><\/div><div class=\"timeline-card\"><div class=\"image-wrapper\"><img decoding=\"async\" src=\"data:image\/svg+xml,%3Csvg%20xmlns%3D%27http%3A%2F%2Fwww.w3.org%2F2000%2Fsvg%27%20width%3D%271250%27%20height%3D%27530%27%20viewBox%3D%270%200%201250%20530%27%3E%3Crect%20width%3D%271250%27%20height%3D%27530%27%20fill-opacity%3D%220%22%2F%3E%3C%2Fsvg%3E\" data-orig-src=\"https:\/\/www.patopekin.co\/wp-content\/uploads\/2026\/03\/BN_6.png\" alt=\"Noticia 6\" class=\"lazyload background-img\" loading=\"lazy\"><\/div><div class=\"timeline-overlay\"><p>Celebrar el A\u00f1o Nuevo Chino 2026 en Pato Pek\u00edn, en Manila<\/p><a href=\"https:\/\/vivirenelpoblado.com\/celebrar-el-ano-nuevo-chino-2026-en-pato-pekin-en-manila\/\" target=\"_blank\" rel=\"noopener noreferrer\">Read more here<\/a><\/div><\/div><\/div><\/div><\/div><\/div><\/div><\/div><\/div>\n","protected":false},"excerpt":{"rendered":"","protected":false},"author":2,"featured_media":0,"parent":0,"menu_order":0,"comment_status":"closed","ping_status":"closed","template":"","meta":{"footnotes":""},"class_list":["post-11726","page","type-page","status-publish","hentry"],"aioseo_notices":[],"featured_image_src":null,"featured_image_src_square":null,"_links":{"self":[{"href":"https:\/\/www.patopekin.co\/en\/wp-json\/wp\/v2\/pages\/11726","targetHints":{"allow":["GET"]}}],"collection":[{"href":"https:\/\/www.patopekin.co\/en\/wp-json\/wp\/v2\/pages"}],"about":[{"href":"https:\/\/www.patopekin.co\/en\/wp-json\/wp\/v2\/types\/page"}],"author":[{"embeddable":true,"href":"https:\/\/www.patopekin.co\/en\/wp-json\/wp\/v2\/users\/2"}],"replies":[{"embeddable":true,"href":"https:\/\/www.patopekin.co\/en\/wp-json\/wp\/v2\/comments?post=11726"}],"version-history":[{"count":0,"href":"https:\/\/www.patopekin.co\/en\/wp-json\/wp\/v2\/pages\/11726\/revisions"}],"wp:attachment":[{"href":"https:\/\/www.patopekin.co\/en\/wp-json\/wp\/v2\/media?parent=11726"}],"curies":[{"name":"wp","href":"https:\/\/api.w.org\/{rel}","templated":true}]}}